{"id":316,"date":"2019-02-12T18:07:29","date_gmt":"2019-02-12T17:07:29","guid":{"rendered":"http:\/\/www2.altenbergtrio.at\/?page_id=316"},"modified":"2019-02-16T11:43:36","modified_gmt":"2019-02-16T10:43:36","slug":"klavierquintette","status":"publish","type":"page","link":"https:\/\/www.altenbergtrio.at\/en\/texte\/klavierquintette\/","title":{"rendered":"Piano Quintets"},"content":{"rendered":"<ul class=\"lcp_catlist\" id=\"lcp_instance_0\"><li><a href=\"https:\/\/www.altenbergtrio.at\/en\/dvorak-quintett-fuer-zwei-violinen-viola-und-cello-und-piano-nr-2-a-dur-op-81-b-155\/\">Dvo\u0159\u00e1k: Quintett f\u00fcr zwei Violinen, Viola und Cello und Piano [Nr.2] A-Dur op.81 [B 155]<\/a><\/li><li><a href=\"https:\/\/www.altenbergtrio.at\/en\/haydn-quintett-fuer-klavier-zwei-hoerner-violine-und-violoncello-es-dur-hob-xiv1\/\">Haydn: Quintett f\u00fcr Klavier, zwei H\u00f6rner, Violine und Violoncello, Es-Dur Hob.XIV:1<\/a><\/li><li><a href=\"https:\/\/www.altenbergtrio.at\/en\/schoenberg-kammersymphonie-nr-1-e-dur-op-9-arr-von-anton-von-webern\/\">Sch\u00f6nberg: Kammersymphonie Nr.1, E-Dur, op.9 (arr. von Anton von Webern)<\/a><\/li><li><a href=\"https:\/\/www.altenbergtrio.at\/en\/schubert-klavierquintett-a-dur-op-posth-114-d-667-forellen-quintett\/\">Schubert: Klavierquintett A-Dur op.posth.114 (D 667, &#8220;Forellen-Quintett&#8221;)<\/a><\/li><\/ul>\n","protected":false},"excerpt":{"rendered":"","protected":false},"author":2,"featured_media":0,"parent":249,"menu_order":3,"comment_status":"closed","ping_status":"closed","template":"","meta":{"footnotes":""},"class_list":{"0":"post-316","1":"page","2":"type-page","3":"status-publish","5":"entry"},"translation":{"provider":"WPGlobus","version":"3.0.1","language":"en","enabled_languages":["de","en"],"languages":{"de":{"title":true,"content":true,"excerpt":false},"en":{"title":true,"content":true,"excerpt":false}}},"_links":{"self":[{"href":"https:\/\/www.altenbergtrio.at\/en\/wp-json\/wp\/v2\/pages\/316","targetHints":{"allow":["GET"]}}],"collection":[{"href":"https:\/\/www.altenbergtrio.at\/en\/wp-json\/wp\/v2\/pages"}],"about":[{"href":"https:\/\/www.altenbergtrio.at\/en\/wp-json\/wp\/v2\/types\/page"}],"author":[{"embeddable":true,"href":"https:\/\/www.altenbergtrio.at\/en\/wp-json\/wp\/v2\/users\/2"}],"replies":[{"embeddable":true,"href":"https:\/\/www.altenbergtrio.at\/en\/wp-json\/wp\/v2\/comments?post=316"}],"version-history":[{"count":3,"href":"https:\/\/www.altenbergtrio.at\/en\/wp-json\/wp\/v2\/pages\/316\/revisions"}],"predecessor-version":[{"id":1060,"href":"https:\/\/www.altenbergtrio.at\/en\/wp-json\/wp\/v2\/pages\/316\/revisions\/1060"}],"up":[{"embeddable":true,"href":"https:\/\/www.altenbergtrio.at\/en\/wp-json\/wp\/v2\/pages\/249"}],"wp:attachment":[{"href":"https:\/\/www.altenbergtrio.at\/en\/wp-json\/wp\/v2\/media?parent=316"}],"curies":[{"name":"wp","href":"https:\/\/api.w.org\/{rel}","templated":true}]}}