{"id":3,"date":"2019-02-10T20:01:38","date_gmt":"2019-02-10T19:01:38","guid":{"rendered":"http:\/\/www2.altenbergtrio.at\/?page_id=3"},"modified":"2019-02-14T11:15:27","modified_gmt":"2019-02-14T10:15:27","slug":"datenschutzerklaerung","status":"publish","type":"page","link":"https:\/\/www.altenbergtrio.at\/en\/datenschutzerklaerung\/","title":{"rendered":"Data Protection"},"content":{"rendered":"\n<p>Informationspflicht gem\u00e4\u00df<br>\nArt. 12-14 DSGVO<\/p>\n\n\n\n<p>Verantwortliche Stelle<br>Altenberg Trio Wien<\/p>\n\n\n\n<p>Erhebung und Weitergabe personenbezogener Daten<br>\nWir nehmen den Schutz Ihrer pers\u00f6nlichen Daten sehr ernst. Wir behandeln Ihre personenbezogenen Daten vertraulich und entsprechend der gesetzlichen Datenschutzvorschriften sowie dieser Datenschutzerkl\u00e4rung.<\/p>\n\n\n\n<p>Die Nutzung unserer Website ist in der Regel ohne Angabe personenbezogener Daten m\u00f6glich. Soweit auf unseren Seiten personenbezogene Daten (beispielsweise Name, Anschrift oder E-Mail-Adressen) erhoben werden, erfolgt dies, soweit m\u00f6glich, stets auf freiwilliger Basis. Diese Daten werden ohne Ihre ausdr\u00fcckliche Zustimmung nicht an Dritte weitergegeben.<\/p>\n\n\n\n<p>Wir weisen darauf hin, dass die Daten\u00fcbertragung im Internet (z.B. bei der Kommunikation per E-Mail) Sicherheitsl\u00fccken aufweisen kann. Ein l\u00fcckenloser Schutz der Daten vor dem Zugriff durch Dritte ist nicht m\u00f6glich.<br> Unsere Website verwendet teilweise so genannte Cookies. Cookies richten auf Ihrem Rechner keinen Schaden an und enthalten keine Viren. Cookies dienen dazu, unser Angebot nutzerfreundlicher, effektiver und sicherer zu machen. Cookies sind kleine Textdateien, die auf Ihrem Rechner abgelegt werden und die Ihr Browser speichert.<\/p>\n\n\n\n<h4 class=\"wp-block-heading\">Cookies<\/h4>\n\n\n\n<p>Die meisten der von uns verwendeten Cookies sind so genannte &#8220;Session-Cookies&#8221;. Sie werden nach Ende Ihres Besuchs automatisch gel\u00f6scht. Andere Cookies bleiben auf Ihrem Endger\u00e4t gespeichert, bis Sie diese l\u00f6schen. Diese Cookies erm\u00f6glichen es uns, Ihren Browser beim n\u00e4chsten Besuch wiederzuerkennen.<\/p>\n\n\n\n<p>Sie k\u00f6nnen Ihren Browser so einstellen, dass Sie \u00fcber das Setzen von Cookies informiert werden und Cookies nur im Einzelfall erlauben, die Annahme von Cookies f\u00fcr bestimmte F\u00e4lle oder generell ausschlie\u00dfen sowie das automatische L\u00f6schen der Cookies beim Schlie\u00dfen des Browser aktivieren. Bei der Deaktivierung von Cookies kann die Funktionalit\u00e4t dieser Website eingeschr\u00e4nkt sein.<\/p>\n\n\n\n<h4 class=\"wp-block-heading\"> Server-Log-Files <\/h4>\n\n\n\n<p>Der Provider der Seiten erhebt und speichert automatisch Informationen in so genannten Server-Log Files, die Ihr Browser automatisch an uns \u00fcbermittelt. Dies sind:<\/p>\n\n\n\n<p>IP-Adresse des zugreifenden Rechners<br>\nDatum und Uhrzeit des Zugriffs<br>\naufgerufene Web-Url<br>\nReferrer URL<br>\nBrowsertyp und Browserversion<br>\nverwendetes Betriebssystem<\/p>\n\n\n\n<p>Diese Daten sind nicht unmittelbar nat\u00fcrlichen Personen zuordenbar. Eine Zusammenf\u00fchrung dieser Daten mit anderen Datenquellen wird nicht vorgenommen. Wir behalten uns vor, diese Daten nachtr\u00e4glich zu pr\u00fcfen, wenn uns konkrete Anhaltspunkte f\u00fcr eine rechtswidrige Nutzung bekannt werden.<\/p>\n\n\n\n<h4 class=\"wp-block-heading\">Einbindung von Diensten und Inhalten Dritter <\/h4>\n\n\n\n<p>Es kann vorkommen, dass innerhalb unseres Onlineangebotes Inhalte oder Dienste von Dritt-Anbietern, wie zum Beispiel Stadtpl\u00e4ne oder Schriftarten von anderen Webseiten eingebunden werden. Die Einbindung von Inhalten der Dritt-Anbieter setzt immer voraus, dass die Dritt-Anbieter die IP-Adresse der Nutzer wahrnehmen, da sie ohne die IP-Adresse die Inhalte nicht an den Browser der Nutzer senden k\u00f6nnten. Die IP-Adresse ist damit f\u00fcr die Darstellung dieser Inhalte erforderlich. Des Weiteren k\u00f6nnen die Anbieter der Dritt-Inhalte eigene Cookies setzen und die Daten der Nutzer f\u00fcr eigene Zwecke verarbeiten. Dabei k\u00f6nnen aus den verarbeiteten Daten Nutzungsprofile der Nutzer erstellt werden. Wir werden diese Inhalte m\u00f6glichst datensparsam und datenvermeidend einsetzen sowie im Hinblick auf die Datensicherheit zuverl\u00e4ssige Dritt-Anbieter w\u00e4hlen.<\/p>\n\n\n\n<h4 class=\"wp-block-heading\">Vimeo<\/h4>\n\n\n\n<p>Wir k\u00f6nnen die Videos der Plattform &#8220;Vimeo&#8221; des Anbieters Vimeo Inc., Attention: Legal Department, 555 West 18th Street New York, New York 10011, USA, einbinden. Datenschutzerkl\u00e4rung: https:\/\/vimeo.com\/privacy. Wir weisen darauf hin, dass Vimeo Google Analytics einsetzen kann und verweisen hierzu auf die Datenschutzerkl\u00e4rung (https:\/\/www.google.com\/policies\/privacy) sowie Opt-Out-M\u00f6glichkeiten f\u00fcr Google-Analytics (http:\/\/tools.google.com\/dlpage\/gaoptout?hl=de) oder die Einstellungen von Google f\u00fcr die Datennutzung zu Marketingzwecken (https:\/\/adssettings.google.com\/).<\/p>\n\n\n\n<h4 class=\"wp-block-heading\">Youtube <\/h4>\n\n\n\n<p>Wir binden die Videos der Plattform &#8220;YouTube&#8221; des Anbieters Google LLC, 1600 Amphitheatre Parkway, Mountain View, CA 94043, USA, ein. Datenschutzerkl\u00e4rung: https:\/\/www.google.com\/policies\/privacy\/, Opt-Out: https:\/\/adssettings.google.com\/authenticated.<\/p>\n\n\n\n<h4 class=\"wp-block-heading\">Google Maps <\/h4>\n\n\n\n<p>Wir binden die Landkarten des Dienstes &#8220;Google Maps&#8221; des Anbieters Google LLC, 1600 Amphitheatre Parkway, Mountain View, CA 94043, USA, ein. Zu den verarbeiteten Daten k\u00f6nnen insbesondere IP-Adressen und Standortdaten der Nutzer geh\u00f6ren, die jedoch nicht ohne deren Einwilligung (im Regelfall im Rahmen der Einstellungen ihrer Mobilger\u00e4te vollzogen), erhoben werden. Die Daten k\u00f6nnen in den USA verarbeitet werden. Datenschutzerkl\u00e4rung: https:\/\/www.google.com\/policies\/privacy\/, Opt-Out: https:\/\/adssettings.google.com\/authenticated.<\/p>\n\n\n\n<h4 class=\"wp-block-heading\">\u00c4nderungen der Datenschutzerkl\u00e4rung <\/h4>\n\n\n\n<p>Wir behalten uns vor, die Datenschutzerkl\u00e4rung zu \u00e4ndern, um sie an ge\u00e4nderte Rechtslagen, oder bei \u00c4nderungen des Dienstes sowie der Datenverarbeitung anzupassen. Dies gilt jedoch nur im Hinblick auf Erkl\u00e4rungen zur Datenverarbeitung. Sofern Einwilligungen der Nutzer erforderlich sind oder Bestandteile der Datenschutzerkl\u00e4rung Regelungen des Vertragsverh\u00e4ltnisses mit den Nutzern enthalten, erfolgen die \u00c4nderungen nur mit Zustimmung der Nutzer.<\/p>\n\n\n\n<p>Die Nutzer werden gebeten sich regelm\u00e4\u00dfig \u00fcber den Inhalt der Datenschutzerkl\u00e4rung zu informieren.<\/p>\n\n\n\n<p>Stand: 20. Februar 2019<\/p>\n","protected":false},"excerpt":{"rendered":"<p>Informationspflicht gem\u00e4\u00df Art. 12-14 DSGVO Verantwortliche StelleAltenberg Trio Wien Erhebung und Weitergabe personenbezogener Daten Wir nehmen den Schutz Ihrer pers\u00f6nlichen Daten sehr ernst. Wir behandeln Ihre personenbezogenen Daten vertraulich und entsprechend der gesetzlichen Datenschutzvorschriften sowie dieser Datenschutzerkl\u00e4rung. Die Nutzung unserer Website ist in der Regel ohne Angabe personenbezogener Daten m\u00f6glich. Soweit auf unseren Seiten personenbezogene [&hellip;]<\/p>\n","protected":false},"author":1,"featured_media":0,"parent":0,"menu_order":110,"comment_status":"closed","ping_status":"open","template":"","meta":{"footnotes":""},"class_list":{"0":"post-3","1":"page","2":"type-page","3":"status-publish","5":"entry"},"translation":{"provider":"WPGlobus","version":"3.0.1","language":"en","enabled_languages":["de","en"],"languages":{"de":{"title":true,"content":true,"excerpt":false},"en":{"title":true,"content":false,"excerpt":false}}},"_links":{"self":[{"href":"https:\/\/www.altenbergtrio.at\/en\/wp-json\/wp\/v2\/pages\/3","targetHints":{"allow":["GET"]}}],"collection":[{"href":"https:\/\/www.altenbergtrio.at\/en\/wp-json\/wp\/v2\/pages"}],"about":[{"href":"https:\/\/www.altenbergtrio.at\/en\/wp-json\/wp\/v2\/types\/page"}],"author":[{"embeddable":true,"href":"https:\/\/www.altenbergtrio.at\/en\/wp-json\/wp\/v2\/users\/1"}],"replies":[{"embeddable":true,"href":"https:\/\/www.altenbergtrio.at\/en\/wp-json\/wp\/v2\/comments?post=3"}],"version-history":[{"count":2,"href":"https:\/\/www.altenbergtrio.at\/en\/wp-json\/wp\/v2\/pages\/3\/revisions"}],"predecessor-version":[{"id":683,"href":"https:\/\/www.altenbergtrio.at\/en\/wp-json\/wp\/v2\/pages\/3\/revisions\/683"}],"wp:attachment":[{"href":"https:\/\/www.altenbergtrio.at\/en\/wp-json\/wp\/v2\/media?parent=3"}],"curies":[{"name":"wp","href":"https:\/\/api.w.org\/{rel}","templated":true}]}}