{"id":256,"date":"2019-02-11T22:39:03","date_gmt":"2019-02-11T21:39:03","guid":{"rendered":"http:\/\/www2.altenbergtrio.at\/?page_id=256"},"modified":"2019-02-16T11:40:30","modified_gmt":"2019-02-16T10:40:30","slug":"klaviertrios","status":"publish","type":"page","link":"https:\/\/www.altenbergtrio.at\/en\/texte\/klaviertrios\/","title":{"rendered":"Piano Trios"},"content":{"rendered":"\n<p>(piano, violin and violoncello)<\/p>\n\n\n\n\n<!-- Page-list plugin v.4.3 wordpress.org\/plugins\/page-list\/ -->\n<ul class=\"page-list subpages-page-list \">\n<li class=\"page_item page-item-258 first-child-item last-child-item\"><a href=\"https:\/\/www.altenbergtrio.at\/en\/texte\/klaviertrios\/andere-klaviertrios\/\">Other Piano Trios<\/a><\/li>\n\n<\/ul>\n\n\n\n<hr class=\"wp-block-separator\"\/>\n\n\n\n<pre class=\"wp-block-code\"><code><ul class=\"lcp_catlist\" id=\"lcp_instance_0\"><li><a href=\"https:\/\/www.altenbergtrio.at\/en\/aarne-trio-fuer-violine-violoncello-und-klavier-a-moll-op-6\/\" class=\"lcp_title\">Aarne: Trio f\u00fcr Violine, Violoncello und Klavier (a-moll), op. 6<\/a><\/li><li><a href=\"https:\/\/www.altenbergtrio.at\/en\/barkauskas-modus-vivendi-op-108-1996\/\" class=\"lcp_title\">Barkauskas: Modus vivendi op. 108 (1996)<\/a><\/li><li><a href=\"https:\/\/www.altenbergtrio.at\/en\/batik-vier-intermezzi\/\" class=\"lcp_title\">Batik: Vier Intermezzi<\/a><\/li><li><a href=\"https:\/\/www.altenbergtrio.at\/en\/beethoven-grand-trio-pour-le-piano-forte-avec-un-clarinette-ou-violon-et-violoncelle-oeuvre-xi-me-gassenhauer-trio-b-dur\/\" class=\"lcp_title\">Beethoven:  Grand Trio pour le Piano-Forte avec un Clarinette ou Violon, et Violoncelle&#8230; Oeuvre XI.me (&#8220;Gassenhauer-Trio&#8221;, B-Dur)<\/a><\/li><li><a href=\"https:\/\/www.altenbergtrio.at\/en\/beethoven-allegretto-b-dur-woo-39\/\" class=\"lcp_title\">Beethoven: Allegretto B-Dur WoO.39<\/a><\/li><li><a href=\"https:\/\/www.altenbergtrio.at\/en\/beethoven-trio-b-dur-op-11-gassenhauer-trio-pf-cl-vlc\/\" class=\"lcp_title\">Beethoven: Trio B-Dur op.11 (&#8220;Gassenhauer-Trio&#8221;) [pf\/cl\/vlc]<\/a><\/li><li><a href=\"https:\/\/www.altenbergtrio.at\/en\/beethoven-trio-b-dur-op-97-erzherzog-trio\/\" class=\"lcp_title\">Beethoven: Trio B-Dur op.97 (\u201eErzherzog-Trio\u201c)<\/a><\/li><li><a href=\"https:\/\/www.altenbergtrio.at\/en\/beethoven-trio-d-dur-op-70-nr-1-geister-trio\/\" class=\"lcp_title\">Beethoven: Trio D-Dur op.70 Nr.1 (&#8220;Geister Trio&#8221;)<\/a><\/li><li><a href=\"https:\/\/www.altenbergtrio.at\/en\/beethoven-trio-es-dur-op-70-nr-2\/\" class=\"lcp_title\">Beethoven: Trio Es-Dur op.70 Nr.2<\/a><\/li><li><a href=\"https:\/\/www.altenbergtrio.at\/en\/beethoven-trio-g-dur-op-1-nr-2\/\" class=\"lcp_title\">Beethoven: Trio G-Dur op.1 Nr.2<\/a><\/li><li><a href=\"https:\/\/www.altenbergtrio.at\/en\/beethoven-trio-nr-3-c-moll-op-1-nr-3\/\" class=\"lcp_title\">Beethoven: Trio Nr. 3, c-moll, op. 1 Nr. 3<\/a><\/li><li><a href=\"https:\/\/www.altenbergtrio.at\/en\/beethovenvariationen-es-dur-op-44\/\" class=\"lcp_title\">Beethoven:Variationen Es-Dur op.44<\/a><\/li><li><a href=\"https:\/\/www.altenbergtrio.at\/en\/bernstein-trio-op-2\/\" class=\"lcp_title\">Bernstein: Trio op.2<\/a><\/li><li><a href=\"https:\/\/www.altenbergtrio.at\/en\/bjelik-trio-in-b-1986\/\" class=\"lcp_title\">Bjelik: Trio in B (1986)<\/a><\/li><li><a href=\"https:\/\/www.altenbergtrio.at\/en\/bloch-three-nocturnes-1924\/\" class=\"lcp_title\">Bloch: Three Nocturnes (1924)<\/a><\/li><li><a href=\"https:\/\/www.altenbergtrio.at\/en\/boulanger-deux-pieces-en-trio-1918\/\" class=\"lcp_title\">Boulanger: Deux pi\u00e8ces en trio (1918)<\/a><\/li><li><a href=\"https:\/\/www.altenbergtrio.at\/en\/brahms-trio-a-moll-fuer-pianoforte-clarinette-oder-bratsche-und-violoncell-op-114\/\" class=\"lcp_title\">Brahms: Trio (A moll) f\u00fcr Pianoforte, Clarinette (oder Bratsche) und Violoncell. Op.114<\/a><\/li><li><a href=\"https:\/\/www.altenbergtrio.at\/en\/brahms-trio-nr-1-h-dur-op-8-fassung-1854\/\" class=\"lcp_title\">Brahms: Trio Nr.1, H-Dur, op.8 (Fassung 1854)<\/a><\/li><li><a href=\"https:\/\/www.altenbergtrio.at\/en\/brahms-trio-nr-1-h-dur-op-8-fassung-1889\/\" class=\"lcp_title\">Brahms: Trio Nr.1, H-Dur, op.8 (Fassung 1889)<\/a><\/li><li><a href=\"https:\/\/www.altenbergtrio.at\/en\/brahms-trio-nr-2-c-dur-op-87\/\" class=\"lcp_title\">Brahms: Trio Nr.2, C-Dur, op.87<\/a><\/li><li><a href=\"https:\/\/www.altenbergtrio.at\/en\/brahms-trio-nr-3-c-moll-op-101\/\" class=\"lcp_title\">Brahms: Trio Nr.3, c-moll, op.101<\/a><\/li><li><a href=\"https:\/\/www.altenbergtrio.at\/en\/breit-schibboleth-trio-fuer-violine-violoncello-und-klavier-1996\/\" class=\"lcp_title\">Breit: Schibboleth. Trio f\u00fcr Violine, Violoncello und Klavier (1996)<\/a><\/li><li><a href=\"https:\/\/www.altenbergtrio.at\/en\/bridge-trio-nr-2-h-178-1929\/\" class=\"lcp_title\">Bridge: Trio Nr.2, H.178 (1929)<\/a><\/li><li><a href=\"https:\/\/www.altenbergtrio.at\/en\/bruch-trio-fuer-pianoforte-violine-und-violoncell-c-moll-op-5\/\" class=\"lcp_title\">Bruch: Trio f\u00fcr Pianoforte, Violine und Violoncell, c-moll, op.5<\/a><\/li><li><a href=\"https:\/\/www.altenbergtrio.at\/en\/bruell-trio-es-dur-op-14\/\" class=\"lcp_title\">Br\u00fcll: Trio Es-Dur op.14<\/a><\/li><li><a href=\"https:\/\/www.altenbergtrio.at\/en\/castillon-premier-trio-pour-piano-violon-et-violoncelle-si-bemol-majeur-op-4\/\" class=\"lcp_title\">Castillon: [Premier] Trio pour Piano, Violon et Violoncelle, Si b\u00e9mol Majeur, op. 4<\/a><\/li><li><a href=\"https:\/\/www.altenbergtrio.at\/en\/copland-vitebsk-study-on-a-jewish-theme\/\" class=\"lcp_title\">Copland: Vitebsk. Study on a Jewish Theme<\/a><\/li><li><a href=\"https:\/\/www.altenbergtrio.at\/en\/czerny-premier-grand-trio-pour-piano-violon-et-violoncelle-ou-cor-trio-nr-1-es-dur-oeuvre-105-me\/\" class=\"lcp_title\">Czerny: Premier Grand Trio pour Piano, Violon et Violoncelle ou Cor&#8230; (Trio Nr. 1, Es-Dur) Oeuvre 105.me<\/a><\/li><li><a href=\"https:\/\/www.altenbergtrio.at\/en\/debussy-trio-g-moll-l-3\/\" class=\"lcp_title\">Debussy: Trio g-moll L.3<\/a><\/li><li><a href=\"https:\/\/www.altenbergtrio.at\/en\/dvorak-dumky-trio-nr-4-e-moll-op-90-b-166\/\" class=\"lcp_title\">Dvo\u0159\u00e1k: Dumky (Trio Nr.4), e-moll, op.90 [B 166]<\/a><\/li><li><a href=\"https:\/\/www.altenbergtrio.at\/en\/dvorak-iii-trio-fuer-pianoforte-violine-und-violoncell-f-moll-op-65-b-130\/\" class=\"lcp_title\">Dvo\u0159\u00e1k: III. Trio f\u00fcr Pianoforte, Violine und Violoncell, f-Moll, op. 65 [B 130]<\/a><\/li><li><a href=\"https:\/\/www.altenbergtrio.at\/en\/dvorak-trio-nr-1-b-dur-op-21-b-51\/\" class=\"lcp_title\">Dvo\u0159\u00e1k: Trio Nr.1, B-Dur op.21 [B 51]<\/a><\/li><li><a href=\"https:\/\/www.altenbergtrio.at\/en\/dvorak-trio-nr-2-g-moll-op-26-b-56\/\" class=\"lcp_title\">Dvo\u0159\u00e1k: Trio Nr.2, g-moll, op.26 [B 56]<\/a><\/li><li><a href=\"https:\/\/www.altenbergtrio.at\/en\/faure-trio-d-moll-op-120\/\" class=\"lcp_title\">Faur\u00e9: Trio d-moll op.120<\/a><\/li><li><a href=\"https:\/\/www.altenbergtrio.at\/en\/foerster-trio-nr-2-b-dur-op-38\/\" class=\"lcp_title\">Foerster: Trio Nr. 2, B-Dur, op. 38<\/a><\/li><li><a href=\"https:\/\/www.altenbergtrio.at\/en\/gal-variationen-ueber-eine-alt-wiener-heurigenmelodie-op-9\/\" class=\"lcp_title\">G\u00e1l: Variationen \u00fcber eine Alt-Wiener Heurigenmelodie op.9<\/a><\/li><li><a href=\"https:\/\/www.altenbergtrio.at\/en\/gernsheim-trio-nr-2-4-h-dur-fuer-pianoforte-violine-und-violoncell-op-37\/\" class=\"lcp_title\">Gernsheim: Trio Nr. 2 [4] H-Dur f\u00fcr Pianoforte, Violine und Violoncell op.37<\/a><\/li><li><a href=\"https:\/\/www.altenbergtrio.at\/en\/goldmark-trio-d-moll-op-1\/\" class=\"lcp_title\">Goldmark: Trio d-moll op. 1<\/a><\/li><li><a href=\"https:\/\/www.altenbergtrio.at\/en\/halffter-cancion-callada-in-memoriam-federico-mompou-1988\/\" class=\"lcp_title\">Halffter: Canci\u00f3n callada in memoriam Federico Mompou (1988)<\/a><\/li><li><a href=\"https:\/\/www.altenbergtrio.at\/en\/haydn-sonate-f-dur-op-45-nr-1-hob-xv6-1784\/\" class=\"lcp_title\">Haydn: Sonate F-Dur, op. 45 Nr. 1\/Hob. XV:6 (1784)<\/a><\/li><li><a href=\"https:\/\/www.altenbergtrio.at\/en\/haydn-trio-b-dur-hob-xv20-op-70-nr-3\/\" class=\"lcp_title\">Haydn: Trio B-Dur Hob.XV:20 (op.70 Nr.3)<\/a><\/li><li><a href=\"https:\/\/www.altenbergtrio.at\/en\/haydn-trio-d-dur-hob-xv24-op-73-nr-1\/\" class=\"lcp_title\">Haydn: Trio D-Dur Hob.XV:24 (op.73 Nr.1)<\/a><\/li><li><a href=\"https:\/\/www.altenbergtrio.at\/en\/haydn-trio-d-moll-hob-xv23-op-71-nr-3\/\" class=\"lcp_title\">Haydn: Trio d-moll Hob.XV:23 (op.71 Nr.3)<\/a><\/li><li><a href=\"https:\/\/www.altenbergtrio.at\/en\/haydn-trio-es-dur-hob-xv22-op-71-nr-2\/\" class=\"lcp_title\">Haydn: Trio Es-Dur Hob.XV:22 (op.71 Nr.2)<\/a><\/li><li><a href=\"https:\/\/www.altenbergtrio.at\/en\/haydn-trio-es-dur-hob-xv29-op-75-nr-3\/\" class=\"lcp_title\">Haydn: Trio Es-Dur Hob.XV:29 (op.75 Nr.3)<\/a><\/li><li><a href=\"https:\/\/www.altenbergtrio.at\/en\/haydn-trio-es-dur-hob-xv30\/\" class=\"lcp_title\">Haydn: Trio Es-Dur Hob.XV:30<\/a><\/li><li><a href=\"https:\/\/www.altenbergtrio.at\/en\/haydn-trio-es-moll-hob-xv31-jakobs-traum\/\" class=\"lcp_title\">Haydn: Trio es-moll Hob.XV:31 (&#8220;Jakobs Traum&#8221;)<\/a><\/li><li><a href=\"https:\/\/www.altenbergtrio.at\/en\/haydn-trio-g-dur-hob-xv32\/\" class=\"lcp_title\">Haydn: Trio G-Dur Hob.XV:32<\/a><\/li><li><a href=\"https:\/\/www.altenbergtrio.at\/en\/haydn-trio-g-moll-hob-xv19-op-70-nr-2\/\" class=\"lcp_title\">Haydn: Trio g-moll Hob.XV:19 (op.70 Nr.2)<\/a><\/li><li><a href=\"https:\/\/www.altenbergtrio.at\/en\/haydnsonata-per-il-clavicembalo-o-forte-piano-con-un-violino-e-violoncello-opera-57-nr-2-e-moll-hob-xv12\/\" class=\"lcp_title\">Haydn:Sonata per il clavicembalo o forte-piano con un violino e violoncello . Opera 57 [Nr.2, e-moll, Hob. XV:12]<\/a><\/li><li><a href=\"https:\/\/www.altenbergtrio.at\/en\/hummel-trio-nr-4-g-dur-op-65\/\" class=\"lcp_title\">Hummel: Trio Nr.4, G-Dur, op.65<\/a><\/li><li><a href=\"https:\/\/www.altenbergtrio.at\/en\/ives-trio-1904-11\/\" class=\"lcp_title\">Ives: Trio (1904\/11)<\/a><\/li><li><a href=\"https:\/\/www.altenbergtrio.at\/en\/juon-legende-trio-nr-5-d-moll-op-83\/\" class=\"lcp_title\">Juon: Legende [Trio Nr.5], d-moll, op.83<\/a><\/li><li><a href=\"https:\/\/www.altenbergtrio.at\/en\/juon-litaniae-tondichtung-trio-nr-4-cis-moll-op-70\/\" class=\"lcp_title\">Juon: Litaniae. Tondichtung [Trio Nr.4], cis-moll, op.70<\/a><\/li><li><a href=\"https:\/\/www.altenbergtrio.at\/en\/juon-suite-c-dur-op-89\/\" class=\"lcp_title\">Juon: Suite C-Dur op.89<\/a><\/li><li><a href=\"https:\/\/www.altenbergtrio.at\/en\/juon-trio-nr-1-a-moll-op-17\/\" class=\"lcp_title\">Juon: Trio [Nr.1] a-moll op.17<\/a><\/li><li><a href=\"https:\/\/www.altenbergtrio.at\/en\/juon-trio-nr-3-g-dur-op-60\/\" class=\"lcp_title\">Juon: Trio [Nr.3] G-Dur op.60<\/a><\/li><li><a href=\"https:\/\/www.altenbergtrio.at\/en\/juon-trio-caprice-nach-selma-lagerloefs-goesta-berling-h-moll-op-39-trio-no-2\/\" class=\"lcp_title\">Juon: Trio-Caprice nach Selma Lagerl\u00f6fs &#8220;G\u00f6sta Berling&#8221;, h-moll, op.39 [Trio No.2]<\/a><\/li><li><a href=\"https:\/\/www.altenbergtrio.at\/en\/kagel-trio-nr-1-in-drei-saetzen-1984-85\/\" class=\"lcp_title\">Kagel: Trio [Nr.1] in drei S\u00e4tzen (1984\/85)<\/a><\/li><li><a href=\"https:\/\/www.altenbergtrio.at\/en\/kubelik-trio-concertante-1988\/\" class=\"lcp_title\">Kubelik: Trio concertante (1988)<\/a><\/li><li><a href=\"https:\/\/www.altenbergtrio.at\/en\/martin-trio-sur-des-melodies-populaires-irlandaises-1925\/\" class=\"lcp_title\">Martin: Trio sur des m\u00e9lodies populaires irlandaises (1925)<\/a><\/li><li><a href=\"https:\/\/www.altenbergtrio.at\/en\/mendelssohn-fanny-trio-fuer-pianoforte-violine-und-violoncell-d-moll-op-11\/\" class=\"lcp_title\">Mendelssohn Fanny: Trio f\u00fcr Pianoforte, Violine und Violoncell, d-moll, op.11<\/a><\/li><li><a href=\"https:\/\/www.altenbergtrio.at\/en\/mendelssohn-trio-fuer-pianoforte-violine-und-violoncell-nr-1-d-moll-op-49\/\" class=\"lcp_title\">Mendelssohn: Trio f\u00fcr Pianoforte, Violine und Violoncell [Nr.1], d-moll, op.49<\/a><\/li><li><a href=\"https:\/\/www.altenbergtrio.at\/en\/mendelssohn-trio-fuer-pianoforte-violine-und-violoncell-nr-2-c-moll-op-66\/\" class=\"lcp_title\">Mendelssohn: Trio f\u00fcr Pianoforte, Violine und Violoncell Nr.2, c-moll, op.66<\/a><\/li><li><a href=\"https:\/\/www.altenbergtrio.at\/en\/mozart-divertimento-a-3-per-cembalo-violino-e-violoncello-b-dur-kv-254\/\" class=\"lcp_title\">Mozart: Divertimento \u00e0 3 per cembalo, violino e violoncello [B-Dur, KV 254]<\/a><\/li><li><a href=\"https:\/\/www.altenbergtrio.at\/en\/mozart-trio-sonata-g-dur-kv-496\/\" class=\"lcp_title\">Mozart: Trio (Sonata) G-Dur KV 496<\/a><\/li><li><a href=\"https:\/\/www.altenbergtrio.at\/en\/mozart-trio-terzett-b-dur-kv-502\/\" class=\"lcp_title\">Mozart: Trio (Terzett) B-Dur KV 502<\/a><\/li><li><a href=\"https:\/\/www.altenbergtrio.at\/en\/mozart-trio-terzett-c-dur-kv-548\/\" class=\"lcp_title\">Mozart: Trio (Terzett) C-Dur KV 548<\/a><\/li><li><a href=\"https:\/\/www.altenbergtrio.at\/en\/mozart-trio-terzett-g-dur-kv-564\/\" class=\"lcp_title\">Mozart: Trio (Terzett) G-Dur KV 564<\/a><\/li><li><a href=\"https:\/\/www.altenbergtrio.at\/en\/mozart-trio-e-dur-kv-542\/\" class=\"lcp_title\">Mozart: Trio E-Dur KV 542<\/a><\/li><li><a href=\"https:\/\/www.altenbergtrio.at\/en\/novak-trio-quasi-una-ballata-d-moll-op-27-1902\/\" class=\"lcp_title\">Novak: Trio quasi una ballata, d-moll, op.27 (1902)<\/a><\/li><li><a href=\"https:\/\/www.altenbergtrio.at\/en\/pfitzner-trio-fuer-pianoforte-violine-und-violoncell-f-dur-op-8\/\" class=\"lcp_title\">Pfitzner: Trio f\u00fcr Pianoforte, Violine und Violoncell, F-Dur, op.8<\/a><\/li><li><a href=\"https:\/\/www.altenbergtrio.at\/en\/pirchner-heimat-pwv-29a-1992\/\" class=\"lcp_title\">Pirchner: Heimat? PWV 29a (1992)<\/a><\/li><li><a href=\"https:\/\/www.altenbergtrio.at\/en\/pirchner-wem-gehoert-der-mensch-pwv-31-1988\/\" class=\"lcp_title\">Pirchner: Wem geh\u00f6rt der Mensch&#8230;? PWV 31 (1988)<\/a><\/li><li><a href=\"https:\/\/www.altenbergtrio.at\/en\/rachmaninov-trio-elegiaque-nr-2-d-moll-op-9\/\" class=\"lcp_title\">Rachmaninov: Trio \u00e9l\u00e9giaque [Nr.2], d-moll, op.9<\/a><\/li><li><a href=\"https:\/\/www.altenbergtrio.at\/en\/ravel-trio-en-la-1914\/\" class=\"lcp_title\">Ravel: Trio en la (1914)<\/a><\/li><li><a href=\"https:\/\/www.altenbergtrio.at\/en\/reger-trio-fuer-klavier-violine-und-violoncello-e-moll-op-102\/\" class=\"lcp_title\">Reger: Trio f\u00fcr Klavier, Violine und Violoncello, e-moll, op.102<\/a><\/li><li><a href=\"https:\/\/www.altenbergtrio.at\/en\/roger-trio-es-dur-op-77-1953\/\" class=\"lcp_title\">Roger: Trio Es-Dur op.77 (1953)<\/a><\/li><li><a href=\"https:\/\/www.altenbergtrio.at\/en\/saint-saens-trio-nr-1-f-dur-op-18\/\" class=\"lcp_title\">Saint-Sa\u00ebns: Trio Nr.1, F-Dur, op.18<\/a><\/li><li><a href=\"https:\/\/www.altenbergtrio.at\/en\/saint-saens-trio-nr-2-e-moll-op-92\/\" class=\"lcp_title\">Saint-Sa\u00ebns: Trio Nr.2, e-moll, op.92<\/a><\/li><li><a href=\"https:\/\/www.altenbergtrio.at\/en\/scharwenka-trio-nr-1-cis-moll-op-100\/\" class=\"lcp_title\">Scharwenka: Trio Nr.1, cis-moll, op.100<\/a><\/li><li><a href=\"https:\/\/www.altenbergtrio.at\/en\/schiske-sonatine-op-34-1952\/\" class=\"lcp_title\">Schiske: Sonatine op.34 (1952)<\/a><\/li><li><a href=\"https:\/\/www.altenbergtrio.at\/en\/schoenberg-sonett-ccxvii-von-petrarca-op-24-iv-arr-von-felix-greissle\/\" class=\"lcp_title\">Sch\u00f6nberg: Sonett CCXVII von Petrarca (op.24\/IV, arr. von Felix Greissle)<\/a><\/li><li><a href=\"https:\/\/www.altenbergtrio.at\/en\/schoenberg-verklaerte-nacht\/\" class=\"lcp_title\">Sch\u00f6nberg: Verkl\u00e4rte Nacht<\/a><\/li><li><a href=\"https:\/\/www.altenbergtrio.at\/en\/schubert-adagio-es-dur-notturno-op-posth-148-d-897\/\" class=\"lcp_title\">Schubert: Adagio Es-Dur (&#8220;Notturno&#8221;) op.posth.148\/D 897<\/a><\/li><li><a href=\"https:\/\/www.altenbergtrio.at\/en\/schubert-sonate-b-dur-d-28\/\" class=\"lcp_title\">Schubert: Sonate B-Dur D 28<\/a><\/li><li><a href=\"https:\/\/www.altenbergtrio.at\/en\/schubert-trio-b-dur-op-99-d-898\/\" class=\"lcp_title\">Schubert: Trio B-Dur op.99\/D 898<\/a><\/li><li><a href=\"https:\/\/www.altenbergtrio.at\/en\/schubert-trio-es-dur-op-100-d-929\/\" class=\"lcp_title\">Schubert: Trio Es-Dur op.100\/D 929<\/a><\/li><li><a href=\"https:\/\/www.altenbergtrio.at\/en\/schumann-clara-trio-g-moll-op-17\/\" class=\"lcp_title\">Schumann Clara: Trio g-moll op.17<\/a><\/li><li><a href=\"https:\/\/www.altenbergtrio.at\/en\/schumann-phantasiestuecke-op-88\/\" class=\"lcp_title\">Schumann: Phantasiest\u00fccke op.88<\/a><\/li><li><a href=\"https:\/\/www.altenbergtrio.at\/en\/schumann-studien-6-stuecke-in-canonischer-form-op-56-arr-th-kirchner\/\" class=\"lcp_title\">Schumann: Studien. 6 St\u00fccke in canonischer Form op.56 (arr. Th. Kirchner)<\/a><\/li><li><a href=\"https:\/\/www.altenbergtrio.at\/en\/schumann-trio-nr-1-d-moll-op-63\/\" class=\"lcp_title\">Schumann: Trio Nr.1, d-moll, op.63<\/a><\/li><li><a href=\"https:\/\/www.altenbergtrio.at\/en\/schumann-trio-nr-2-f-dur-op-80\/\" class=\"lcp_title\">Schumann: Trio Nr.2, F-Dur, op.80<\/a><\/li><li><a href=\"https:\/\/www.altenbergtrio.at\/en\/schumann-trio-nr-3-g-moll-op-110\/\" class=\"lcp_title\">Schumann: Trio Nr.3, g-moll, op.110<\/a><\/li><li><a href=\"https:\/\/www.altenbergtrio.at\/en\/schwertsik-bagatellen-in-stark-wechselnder-laune-op-36-1979\/\" class=\"lcp_title\">Schwertsik: Bagatellen in stark wechselnder Laune op.36 (1979)<\/a><\/li><li><a href=\"https:\/\/www.altenbergtrio.at\/en\/shostakovitch-trio-nr-1-c-moll-op-8-1923\/\" class=\"lcp_title\">Shostakovitch: Trio Nr.1, c-moll, op.8 (1923)<\/a><\/li><li><a href=\"https:\/\/www.altenbergtrio.at\/en\/shostakovitch-trio-nr-2-e-moll-op-67-1944\/\" class=\"lcp_title\">Shostakovitch: Trio Nr.2, e-moll, op.67 (1944)<\/a><\/li><li><a href=\"https:\/\/www.altenbergtrio.at\/en\/smetana-trio-g-moll-op-15\/\" class=\"lcp_title\">Smetana: Trio g-moll op.15<\/a><\/li><li><a href=\"https:\/\/www.altenbergtrio.at\/en\/suk-elegie-des-dur-op-23\/\" class=\"lcp_title\">Suk: Elegie Des-Dur op. 23<\/a><\/li><li><a href=\"https:\/\/www.altenbergtrio.at\/en\/takemitsu-between-tides-1993\/\" class=\"lcp_title\">Takemitsu: Between tides (1993)<\/a><\/li><li><a href=\"https:\/\/www.altenbergtrio.at\/en\/tschaikovskij-trio-a-moll-op-50\/\" class=\"lcp_title\">Tschaikovskij: Trio a-moll op.50<\/a><\/li><li><a href=\"https:\/\/www.altenbergtrio.at\/en\/urbanner-in-bewegung-trio-fuer-violine-violoncello-und-klavier-1990\/\" class=\"lcp_title\">Urbanner:  &#8230;in Bewegung&#8230; Trio f\u00fcr Violine, Violoncello und Klavier (1990)<\/a><\/li><li><a href=\"https:\/\/www.altenbergtrio.at\/en\/weiland-trio-in-one-movement-for-piano-violin-and-violoncello-opus-22\/\" class=\"lcp_title\">Weiland: Trio in one movement for piano, violin, and violoncello. Opus 22<\/a><\/li><li><a href=\"https:\/\/www.altenbergtrio.at\/en\/widmer-a-ultima-flor-op-60-1968\/\" class=\"lcp_title\">Widmer: A ultima flor op.60 (1968)<\/a><\/li><li><a href=\"https:\/\/www.altenbergtrio.at\/en\/zemlinsky-trio-d-moll-op-3\/\" class=\"lcp_title\">Zemlinsky: Trio d-moll op.3<\/a><\/li><li><a href=\"https:\/\/www.altenbergtrio.at\/en\/zemlinsky-trio-d-moll-op-3-pf-cl-vlc\/\" class=\"lcp_title\">Zemlinsky: Trio d-moll op.3 [pf\/cl\/vlc]<\/a><\/li><li><a href=\"https:\/\/www.altenbergtrio.at\/en\/zimmermann-presence-ballet-blanc-en-cinq-scenes-1961\/\" class=\"lcp_title\">Zimmermann: Pr\u00e9sence. Ballet blanc en cinq sc\u00e8nes (1961)<\/a><\/li><li><a href=\"https:\/\/www.altenbergtrio.at\/en\/zykan-g-kettet-1996\/\" class=\"lcp_title\">Zykan:  g-kettet (1996)<\/a><\/li><\/ul><\/code><\/pre>\n","protected":false},"excerpt":{"rendered":"<p>(piano, violin and violoncello)<\/p>\n","protected":false},"author":2,"featured_media":0,"parent":249,"menu_order":1,"comment_status":"closed","ping_status":"closed","template":"","meta":{"footnotes":""},"class_list":{"0":"post-256","1":"page","2":"type-page","3":"status-publish","5":"entry"},"translation":{"provider":"WPGlobus","version":"3.0.1","language":"en","enabled_languages":["de","en"],"languages":{"de":{"title":true,"content":true,"excerpt":false},"en":{"title":true,"content":true,"excerpt":false}}},"_links":{"self":[{"href":"https:\/\/www.altenbergtrio.at\/en\/wp-json\/wp\/v2\/pages\/256","targetHints":{"allow":["GET"]}}],"collection":[{"href":"https:\/\/www.altenbergtrio.at\/en\/wp-json\/wp\/v2\/pages"}],"about":[{"href":"https:\/\/www.altenbergtrio.at\/en\/wp-json\/wp\/v2\/types\/page"}],"author":[{"embeddable":true,"href":"https:\/\/www.altenbergtrio.at\/en\/wp-json\/wp\/v2\/users\/2"}],"replies":[{"embeddable":true,"href":"https:\/\/www.altenbergtrio.at\/en\/wp-json\/wp\/v2\/comments?post=256"}],"version-history":[{"count":19,"href":"https:\/\/www.altenbergtrio.at\/en\/wp-json\/wp\/v2\/pages\/256\/revisions"}],"predecessor-version":[{"id":1055,"href":"https:\/\/www.altenbergtrio.at\/en\/wp-json\/wp\/v2\/pages\/256\/revisions\/1055"}],"up":[{"embeddable":true,"href":"https:\/\/www.altenbergtrio.at\/en\/wp-json\/wp\/v2\/pages\/249"}],"wp:attachment":[{"href":"https:\/\/www.altenbergtrio.at\/en\/wp-json\/wp\/v2\/media?parent=256"}],"curies":[{"name":"wp","href":"https:\/\/api.w.org\/{rel}","templated":true}]}}